{"id":74675,"date":"2023-07-10T10:06:26","date_gmt":"2023-07-10T08:06:26","guid":{"rendered":"https:\/\/www.livebetter.eu\/?page_id=74675"},"modified":"2025-08-07T10:24:24","modified_gmt":"2025-08-07T08:24:24","slug":"where","status":"publish","type":"page","link":"https:\/\/staging2.livebetter.eu\/en\/dove\/","title":{"rendered":"Where"},"content":{"rendered":"<p><div class=\"fusion-fullwidth fullwidth-box fusion-builder-row-1 fusion-flex-container has-pattern-background has-mask-background nonhundred-percent-fullwidth non-hundred-percent-height-scrolling store-location-wrap\" style=\"--awb-border-radius-top-left:0px;--awb-border-radius-top-right:0px;--awb-border-radius-bottom-right:0px;--awb-border-radius-bottom-left:0px;--awb-padding-top:10px;--awb-padding-right:15px;--awb-padding-left:22px;--awb-padding-top-small:0px;--awb-padding-right-small:10px;--awb-padding-bottom-small:15px;--awb-padding-left-small:10px;--awb-margin-top-small:0px;--awb-flex-wrap:wrap;\" ><div class=\"fusion-builder-row fusion-row fusion-flex-align-items-flex-start fusion-flex-justify-content-center fusion-flex-content-wrap\" style=\"max-width:1331.2px;margin-left: calc(-4% \/ 2 );margin-right: calc(-4% \/ 2 );\"><div class=\"fusion-layout-column fusion_builder_column fusion-builder-column-0 fusion_builder_column_1_1 1_1 fusion-flex-column\" style=\"--awb-padding-right-small:0px;--awb-padding-left-small:0px;--awb-bg-size:cover;--awb-width-large:100%;--awb-margin-top-large:0px;--awb-spacing-right-large:0px;--awb-margin-bottom-large:20px px;--awb-spacing-left-large:0px;--awb-width-medium:100%;--awb-order-medium:0;--awb-spacing-right-medium:1.92%;--awb-spacing-left-medium:1.92%;--awb-width-small:100%;--awb-order-small:0;--awb-spacing-right-small:0%;--awb-spacing-left-small:0%;\"><div class=\"fusion-column-wrapper fusion-column-has-shadow fusion-flex-justify-content-flex-start fusion-content-layout-column\"><div class=\"fusion-title title fusion-title-1 fusion-sep-none fusion-title-text fusion-title-size-two\" style=\"--awb-text-color:#333333;--awb-margin-top:45px;--awb-margin-bottom:30px;--awb-margin-top-small:20px;--awb-margin-right-small:0px;--awb-margin-bottom-small:15px;--awb-margin-left-small:0px;--awb-font-size:54px;\"><h2 class=\"fusion-title-heading title-heading-left fusion-responsive-typography-calculated\" style=\"margin:0;font-size:1em;--fontSize:54;line-height:0.9;\">STORE LOCATOR<\/h2><\/div><div class=\"fusion-text fusion-text-1 location-content1\" style=\"--awb-content-alignment:left;--awb-font-size:16px;--awb-text-color:#000000;--awb-margin-left:2px;\"><p>In the store locator you will display cafes that have the machine to dispense Chokkino and retailers of our products.<br \/>\nYou can filter them by clicking on categories<br \/>\nWARNING: Unfortunately, the list of bars may not be up to date. So to avoid wasting your time, please call them to check. Thank you!<\/p>\n<\/div><\/div><\/div><\/div><\/div><div class=\"fusion-fullwidth fullwidth-box fusion-builder-row-2 fusion-flex-container nonhundred-percent-fullwidth non-hundred-percent-height-scrolling\" style=\"--awb-border-radius-top-left:0px;--awb-border-radius-top-right:0px;--awb-border-radius-bottom-right:0px;--awb-border-radius-bottom-left:0px;--awb-padding-top:35px;--awb-padding-right:5px;--awb-padding-bottom:100px;--awb-padding-left:5px;--awb-padding-bottom-medium:50px;--awb-padding-top-small:0px;--awb-padding-right-small:8px;--awb-padding-bottom-small:0px;--awb-padding-left-small:8px;--awb-flex-wrap:wrap;\" ><div class=\"fusion-builder-row fusion-row fusion-flex-align-items-flex-start fusion-flex-content-wrap\" style=\"max-width:1331.2px;margin-left: calc(-4% \/ 2 );margin-right: calc(-4% \/ 2 );\"><div class=\"fusion-layout-column fusion_builder_column fusion-builder-column-1 fusion_builder_column_1_1 1_1 fusion-flex-column\" style=\"--awb-padding-right-small:0px;--awb-padding-left-small:0px;--awb-bg-blend:overlay;--awb-bg-size:cover;--awb-width-large:100%;--awb-margin-top-large:0px;--awb-spacing-right-large:1.92%;--awb-margin-bottom-large:0px;--awb-spacing-left-large:1.92%;--awb-width-medium:100%;--awb-spacing-right-medium:1.92%;--awb-spacing-left-medium:1.92%;--awb-width-small:100%;--awb-spacing-right-small:1.92%;--awb-spacing-left-small:1.92%;\"><div class=\"fusion-column-wrapper fusion-flex-justify-content-flex-start fusion-content-layout-column\"><div class=\"fusion-text fusion-text-2\" style=\"--awb-margin-right:-5px;--awb-margin-left:-5px;\"><style type=\"text\/css\">\n    body #asl-storelocator.asl-cont.asl-template-3 {--sl-font-size: 13px;--sl-title-size: 15px;--sl-btn-size: 13px;--sl-primary: #000000;--sl-infobox-color: #555d66;--sl-infobox-bg: #FFFFFF;--sl-infobox-a: #000000;--sl-action-btn-color: #FFFFFF;--sl-action-btn-bg: #000000;--sl-color: #555d66;--sl-list-bg: #FFFFFF;--sl-list-title: #32373c;--sl-list-sub-title: #6a6a6a;--sl-highlighted: #F7F7F7;}.asl-p-cont .asl-print-btn,.asl-cont .asl-print-btn {display: none !important;}    @media(max-width:991px){\n        #asl-storelocator.asl-cont .asl-panel {order: 0;}\n    }\n<\/style>\n<section id=\"asl-storelocator\" class=\"asl-cont asl-template-3 asl-layout-0 asl-bg-1  asl-text-0\">\n    <div class=\"asl-wrapper mb-5\">\n        <div class=\"sl-container-fluid\">\n                                    <div class=\"sl-row\">\n                <div class=\"pol-12\">\n                    <div class=\"sl-main-cont\">\n                        <div class=\"sl-row no-gutters\">\n                            <div id=\"asl-panel\" class=\"asl-panel pol-md-6 pol-lg-5 pol-xl-4\">\n                                <div class=\"asl-overlay\" id=\"map-loading\">\n                                  <div class=\"white\"><\/div>\n                                    <div class=\"sl-loading\">\n                                        <i class=\"animate-sl-spin icon-spin3\"><\/i>\n                                        Loading...                                    <\/div>\n                                <\/div>\n                                <div class=\"asl-filter-sec hide\"><\/div>\n                                <!-- list -->\n                                <div class=\"asl-panel-inner\">\n                                    <div class=\"sl-filter-sec\">\n                                        <div class=\"asl-addr-search\">\n                                            <input aria-label=\"Search Location\" value=\"\" id=\"sl-main-search\" type=\"text\" class=\"asl-search-address form-control\" placeholder=\"Enter your address\">\n                                            <span class=\"sl-search-btn\"><i title=\"Search\" class=\"icon-search\"><\/i><\/span>\n                                        <\/div>  \n                                    <\/div>\n                                    <div class=\"asl-filter-tabs media\">\n                                        <div class=\"input-group\">\n                                            <ul class=\"sl-filt-a-list nav nav-pills\" role=\"tablist\"><\/ul>  \n                                            <div class=\"input-group-append\">\n                                                <div class=\"aswth-btn hide\">\n                                                    <span class=\"aswth\">\n                                                        <input type=\"checkbox\" class=\"aswth-input\" id=\"aswth-id\" checked>\n                                                        <label for=\"aswth-id\"><\/label>\n                                                        <div class=\"aswth-text\">\n                                                            <div class=\"contentA\">OPEN<\/div>\n                                                            <div class=\"contentB\">ALL<\/div>\n                                                        <\/div>\n                                                    <\/span>\n                                                <\/div>\n                                            <\/div>\n                                        <\/div>\n                                    <\/div>\n                                    <div class=\"sl-main-cont-box\">\n                                        <div id=\"asl-list\" class=\"sl-list-wrapper\">\n                                            <ul id=\"p-statelist\" class=\"sl-list\">\n                                            <\/ul>\n                                        <\/div>\n                                    <\/div>\n                                <\/div>\n\n                                <div class=\"directions-cont hide\">\n                                    <div class=\"agile-modal-header\">\n                                        <button type=\"button\" class=\"close\"><span aria-hidden=\"true\">\u00d7<\/span><\/button>\n                                        <h4>Store Direction<\/h4>\n                                    <\/div>\n                                    <div class=\"rendered-directions\" id=\"asl-rendered-dir\" style=\"direction: ltr;\"><\/div>\n                                <\/div>\n                            <\/div>\n                            <div class=\"pol-md-6 pol-xl-8 pol-lg-7 asl-map\">\n                                <div class=\"map-image\">\n                                    <div id=\"asl-map-canv\" class=\"asl-map-canv\"><\/div>\n                                    \n                                    <div id=\"agile-modal-direction\" class=\"agile-modal fade\">\n    <div class=\"agile-modal-backdrop-in\"><\/div>\n    <div class=\"agile-modal-dialog in\">\n        <div class=\"agile-modal-content\">\n            <div class=\"sl-form-group d-flex justify-content-between\">\n                <h4 >GET DIRECTIONS<\/h4>\n                <button type=\"button\" class=\"close-directions sl-close\" data-dismiss=\"agile-modal\" aria-label=\"Close\">\u00d7<\/button>\n            <\/div>\n            <div class=\"sl-form-group\">\n                <label for=\"frm-lbl\">From:<\/label>\n                <input type=\"text\" class=\"form-control frm-place\" id=\"frm-lbl\" placeholder=\"Enter a Location \">\n            <\/div>\n            <div class=\"sl-form-group\">\n                <label for=\"to-lbl\">To:<\/label>\n                <input readonly=\"true\" type=\"text\"  class=\"directions-to form-control\" id=\"to-lbl\" placeholder=\"Prepopulated Destination Address\">\n            <\/div>\n            <div class=\"sl-form-group mb-0\">\n                <label for=\"rbtn-km\" class=\"checkbox-inline\">\n                    <input type=\"radio\" name=\"dist-type\"  id=\"rbtn-km\" value=\"0\"> Km                <\/label>\n                <label for=\"rbtn-mile\" class=\"checkbox-inline\">\n                    <input type=\"radio\" name=\"dist-type\" checked id=\"rbtn-mile\" value=\"1\"> Miles                <\/label>\n            <\/div>\n            <div class=\"sl-form-group mb-0\">\n                <button type=\"submit\" class=\"btn btn-default btn-submit\">GET DIRECTIONS<\/button>\n            <\/div>\n        <\/div>\n    <\/div>\n<\/div>\n\n<div id=\"asl-geolocation-agile-modal\" class=\"agile-modal fade\">\n  <div class=\"agile-modal-backdrop-in\"><\/div>\n  <div class=\"agile-modal-dialog in\">\n    <div class=\"agile-modal-content\">\n            <div class=\"sl-form-group d-flex justify-content-between\">\n        <h5>Use my location to find the closest Service Provider near me<\/h5>\n        <button type=\"button\" class=\"close-directions sl-close\" data-dismiss=\"agile-modal\" aria-label=\"Close\" aria-hidden=\"true\">\u00d7<\/button>\n      <\/div>\n      <div class=\"sl-form-group text-center mb-0\">\n        <button type=\"button\" id=\"asl-btn-geolocation\" class=\"btn btn-block btn-default\">USE LOCATION<\/button>\n      <\/div>\n          <\/div>\n  <\/div>\n<\/div>\n\n<div id=\"asl-desc-agile-modal\" class=\"agile-modal fade\">\n  <div class=\"agile-modal-backdrop-in\"><\/div>\n  <div class=\"agile-modal-dialog in\">\n    <div class=\"agile-modal-content\">\n      <div class=\"sl-row\">\n        <div class=\"pol-md-12\">\n          <div class=\"sl-form-group d-flex justify-content-between\">\n            <h4 class=\"sl-title\">Description<\/h4>\n            <button type=\"button\" class=\"close-directions sl-close\" data-dismiss=\"agile-modal\" aria-label=\"Close\">\u00d7<\/button>\n          <\/div>\n          <div class=\"sl-desc\"><\/div>\n        <\/div>\n      <\/div>\n    <\/div>\n  <\/div>\n<\/div>                                <\/div>\n                            <\/div>\n                        <\/div>\n                    <\/div>\n                <\/div>\n            <\/div>\n        <\/div> \n    <\/div>\n    <\/section>\n<!-- This plugin is developed by \"Agile Store Locator for WordPress\" https:\/\/agilestorelocator.com -->\n<\/div><\/div><\/div><\/div><\/div><\/p>","protected":false},"excerpt":{"rendered":"","protected":false},"author":1,"featured_media":0,"parent":0,"menu_order":0,"comment_status":"closed","ping_status":"closed","template":"","meta":{"_acf_changed":false,"footnotes":""},"class_list":["post-74675","page","type-page","status-publish","hentry"],"acf":[],"yoast_head":"<!-- This site is optimized with the Yoast SEO plugin v27.4 - https:\/\/yoast.com\/product\/yoast-seo-wordpress\/ -->\n<title>Store Locator Chokkino: trova il bar pi\u00f9 vicino a te | Live Better<\/title>\n<meta name=\"description\" content=\"Usa lo store locator per trovare il bar pi\u00f9 vicino a te. Cos\u00ec puoi farti un Chokkino e sentirti divino! Join the CacaoRevolution!\" \/>\n<meta name=\"robots\" content=\"noindex, follow, max-snippet:-1, max-image-preview:large, max-video-preview:-1\" \/>\n<meta property=\"og:locale\" content=\"en_US\" \/>\n<meta property=\"og:type\" content=\"article\" \/>\n<meta property=\"og:title\" content=\"Store Locator Chokkino: trova il bar pi\u00f9 vicino a te | Live Better\" \/>\n<meta property=\"og:description\" content=\"Usa lo store locator per trovare il bar pi\u00f9 vicino a te. Cos\u00ec puoi farti un Chokkino e sentirti divino! Join the CacaoRevolution!\" \/>\n<meta property=\"og:url\" content=\"https:\/\/staging2.livebetter.eu\/en\/where\/\" \/>\n<meta property=\"og:site_name\" content=\"Live Better\" \/>\n<meta property=\"article:publisher\" content=\"https:\/\/it-it.facebook.com\/chokkino.livebetter\/\" \/>\n<meta property=\"article:modified_time\" content=\"2025-08-07T08:24:24+00:00\" \/>\n<meta name=\"twitter:card\" content=\"summary_large_image\" \/>\n<meta name=\"twitter:label1\" content=\"Est. reading time\" \/>\n\t<meta name=\"twitter:data1\" content=\"1 minute\" \/>\n<script type=\"application\/ld+json\" class=\"yoast-schema-graph\">{\"@context\":\"https:\\\/\\\/schema.org\",\"@graph\":[{\"@type\":\"WebPage\",\"@id\":\"https:\\\/\\\/staging2.livebetter.eu\\\/dove\\\/\",\"url\":\"https:\\\/\\\/staging2.livebetter.eu\\\/dove\\\/\",\"name\":\"Store Locator Chokkino: trova il bar pi\u00f9 vicino a te | Live Better\",\"isPartOf\":{\"@id\":\"https:\\\/\\\/staging2.livebetter.eu\\\/#website\"},\"datePublished\":\"2023-07-10T08:06:26+00:00\",\"dateModified\":\"2025-08-07T08:24:24+00:00\",\"description\":\"Usa lo store locator per trovare il bar pi\u00f9 vicino a te. Cos\u00ec puoi farti un Chokkino e sentirti divino! Join the CacaoRevolution!\",\"breadcrumb\":{\"@id\":\"https:\\\/\\\/staging2.livebetter.eu\\\/dove\\\/#breadcrumb\"},\"inLanguage\":\"en-US\",\"potentialAction\":[{\"@type\":\"ReadAction\",\"target\":[\"https:\\\/\\\/staging2.livebetter.eu\\\/dove\\\/\"]}]},{\"@type\":\"BreadcrumbList\",\"@id\":\"https:\\\/\\\/staging2.livebetter.eu\\\/dove\\\/#breadcrumb\",\"itemListElement\":[{\"@type\":\"ListItem\",\"position\":1,\"name\":\"Home\",\"item\":\"https:\\\/\\\/staging2.livebetter.eu\\\/\"},{\"@type\":\"ListItem\",\"position\":2,\"name\":\"Dove\"}]},{\"@type\":\"WebSite\",\"@id\":\"https:\\\/\\\/staging2.livebetter.eu\\\/#website\",\"url\":\"https:\\\/\\\/staging2.livebetter.eu\\\/\",\"name\":\"Live Better\",\"description\":\"Be Aware Be Conscious Live Better\",\"publisher\":{\"@id\":\"https:\\\/\\\/staging2.livebetter.eu\\\/#organization\"},\"potentialAction\":[{\"@type\":\"SearchAction\",\"target\":{\"@type\":\"EntryPoint\",\"urlTemplate\":\"https:\\\/\\\/staging2.livebetter.eu\\\/?s={search_term_string}\"},\"query-input\":{\"@type\":\"PropertyValueSpecification\",\"valueRequired\":true,\"valueName\":\"search_term_string\"}}],\"inLanguage\":\"en-US\"},{\"@type\":\"Organization\",\"@id\":\"https:\\\/\\\/staging2.livebetter.eu\\\/#organization\",\"name\":\"Live Better\",\"url\":\"https:\\\/\\\/staging2.livebetter.eu\\\/\",\"logo\":{\"@type\":\"ImageObject\",\"inLanguage\":\"en-US\",\"@id\":\"https:\\\/\\\/staging2.livebetter.eu\\\/#\\\/schema\\\/logo\\\/image\\\/\",\"url\":\"https:\\\/\\\/staging2.livebetter.eu\\\/wp-content\\\/uploads\\\/2024\\\/01\\\/Live-Better_BLK.png\",\"contentUrl\":\"https:\\\/\\\/staging2.livebetter.eu\\\/wp-content\\\/uploads\\\/2024\\\/01\\\/Live-Better_BLK.png\",\"width\":640,\"height\":148,\"caption\":\"Live Better\"},\"image\":{\"@id\":\"https:\\\/\\\/staging2.livebetter.eu\\\/#\\\/schema\\\/logo\\\/image\\\/\"},\"sameAs\":[\"https:\\\/\\\/it-it.facebook.com\\\/chokkino.livebetter\\\/\",\"https:\\\/\\\/www.instagram.com\\\/chokkino.livebetter\\\/\",\"https:\\\/\\\/www.youtube.com\\\/channel\\\/UCgfDP1NuokZB95pItqolRrg\",\"https:\\\/\\\/open.spotify.com\\\/show\\\/0qFUUFAKzd4Du7s5ReclC1\",\"https:\\\/\\\/podcasts.google.com\\\/feed\\\/aHR0cHM6Ly93d3cuc3ByZWFrZXIuY29tL3Nob3cvNTYyNTI5Ny9lcGlzb2Rlcy9mZWVk?sa=X&ved=2ahUKEwidzc2emOj6AhWvhP0HHdBrCzAQ9sEGegQIARAC\",\"https:\\\/\\\/podcasts.apple.com\\\/us\\\/podcast\\\/live-better\\\/id1643489685\"]}]}<\/script>\n<!-- \/ Yoast SEO plugin. -->","yoast_head_json":{"title":"Store Locator Chokkino: find the bar nearest you | Live Better","description":"Use the store locator to find the bar nearest you. So you can have a Chokkino and feel divine! Join the CacaoRevolution!","robots":{"index":"noindex","follow":"follow","max-snippet":"max-snippet:-1","max-image-preview":"max-image-preview:large","max-video-preview":"max-video-preview:-1"},"og_locale":"en_US","og_type":"article","og_title":"Store Locator Chokkino: trova il bar pi\u00f9 vicino a te | Live Better","og_description":"Usa lo store locator per trovare il bar pi\u00f9 vicino a te. Cos\u00ec puoi farti un Chokkino e sentirti divino! Join the CacaoRevolution!","og_url":"https:\/\/staging2.livebetter.eu\/en\/where\/","og_site_name":"Live Better","article_publisher":"https:\/\/it-it.facebook.com\/chokkino.livebetter\/","article_modified_time":"2025-08-07T08:24:24+00:00","twitter_card":"summary_large_image","twitter_misc":{"Est. reading time":"1 minute"},"schema":{"@context":"https:\/\/schema.org","@graph":[{"@type":"WebPage","@id":"https:\/\/staging2.livebetter.eu\/dove\/","url":"https:\/\/staging2.livebetter.eu\/dove\/","name":"Store Locator Chokkino: find the bar nearest you | Live Better","isPartOf":{"@id":"https:\/\/staging2.livebetter.eu\/#website"},"datePublished":"2023-07-10T08:06:26+00:00","dateModified":"2025-08-07T08:24:24+00:00","description":"Use the store locator to find the bar nearest you. So you can have a Chokkino and feel divine! Join the CacaoRevolution!","breadcrumb":{"@id":"https:\/\/staging2.livebetter.eu\/dove\/#breadcrumb"},"inLanguage":"en-US","potentialAction":[{"@type":"ReadAction","target":["https:\/\/staging2.livebetter.eu\/dove\/"]}]},{"@type":"BreadcrumbList","@id":"https:\/\/staging2.livebetter.eu\/dove\/#breadcrumb","itemListElement":[{"@type":"ListItem","position":1,"name":"Home","item":"https:\/\/staging2.livebetter.eu\/"},{"@type":"ListItem","position":2,"name":"Dove"}]},{"@type":"WebSite","@id":"https:\/\/staging2.livebetter.eu\/#website","url":"https:\/\/staging2.livebetter.eu\/","name":"Live Better","description":"Be Aware Be Conscious Live Better","publisher":{"@id":"https:\/\/staging2.livebetter.eu\/#organization"},"potentialAction":[{"@type":"SearchAction","target":{"@type":"EntryPoint","urlTemplate":"https:\/\/staging2.livebetter.eu\/?s={search_term_string}"},"query-input":{"@type":"PropertyValueSpecification","valueRequired":true,"valueName":"search_term_string"}}],"inLanguage":"en-US"},{"@type":"Organization","@id":"https:\/\/staging2.livebetter.eu\/#organization","name":"Live Better","url":"https:\/\/staging2.livebetter.eu\/","logo":{"@type":"ImageObject","inLanguage":"en-US","@id":"https:\/\/staging2.livebetter.eu\/#\/schema\/logo\/image\/","url":"https:\/\/staging2.livebetter.eu\/wp-content\/uploads\/2024\/01\/Live-Better_BLK.png","contentUrl":"https:\/\/staging2.livebetter.eu\/wp-content\/uploads\/2024\/01\/Live-Better_BLK.png","width":640,"height":148,"caption":"Live Better"},"image":{"@id":"https:\/\/staging2.livebetter.eu\/#\/schema\/logo\/image\/"},"sameAs":["https:\/\/it-it.facebook.com\/chokkino.livebetter\/","https:\/\/www.instagram.com\/chokkino.livebetter\/","https:\/\/www.youtube.com\/channel\/UCgfDP1NuokZB95pItqolRrg","https:\/\/open.spotify.com\/show\/0qFUUFAKzd4Du7s5ReclC1","https:\/\/podcasts.google.com\/feed\/aHR0cHM6Ly93d3cuc3ByZWFrZXIuY29tL3Nob3cvNTYyNTI5Ny9lcGlzb2Rlcy9mZWVk?sa=X&ved=2ahUKEwidzc2emOj6AhWvhP0HHdBrCzAQ9sEGegQIARAC","https:\/\/podcasts.apple.com\/us\/podcast\/live-better\/id1643489685"]}]}},"_links":{"self":[{"href":"https:\/\/staging2.livebetter.eu\/en\/wp-json\/wp\/v2\/pages\/74675","targetHints":{"allow":["GET"]}}],"collection":[{"href":"https:\/\/staging2.livebetter.eu\/en\/wp-json\/wp\/v2\/pages"}],"about":[{"href":"https:\/\/staging2.livebetter.eu\/en\/wp-json\/wp\/v2\/types\/page"}],"author":[{"embeddable":true,"href":"https:\/\/staging2.livebetter.eu\/en\/wp-json\/wp\/v2\/users\/1"}],"replies":[{"embeddable":true,"href":"https:\/\/staging2.livebetter.eu\/en\/wp-json\/wp\/v2\/comments?post=74675"}],"version-history":[{"count":0,"href":"https:\/\/staging2.livebetter.eu\/en\/wp-json\/wp\/v2\/pages\/74675\/revisions"}],"wp:attachment":[{"href":"https:\/\/staging2.livebetter.eu\/en\/wp-json\/wp\/v2\/media?parent=74675"}],"curies":[{"name":"wp","href":"https:\/\/api.w.org\/{rel}","templated":true}]}}