{"id":28879,"date":"2021-06-16T17:25:39","date_gmt":"2021-06-16T15:25:39","guid":{"rendered":"https:\/\/www.livebetter.eu\/?page_id=28879"},"modified":"2025-11-25T14:42:55","modified_gmt":"2025-11-25T13:42:55","slug":"benefits-of-cocoa-versus-coffee","status":"publish","type":"page","link":"https:\/\/staging2.livebetter.eu\/en\/benefici-del-cacao-rispetto-al-caffe\/","title":{"rendered":"Benefits of cocoa compared to coffee"},"content":{"rendered":"<p><div class=\"fusion-fullwidth fullwidth-box fusion-builder-row-1 fusion-flex-container nonhundred-percent-fullwidth non-hundred-percent-height-scrolling\" style=\"--awb-border-radius-top-left:0px;--awb-border-radius-top-right:0px;--awb-border-radius-bottom-right:0px;--awb-border-radius-bottom-left:0px;--awb-padding-right:0px;--awb-padding-left:0px;--awb-margin-top:50px;--awb-margin-bottom:40px;--awb-margin-top-small:70px;--awb-flex-wrap:wrap;\" id=\"above-benefici\" ><div class=\"fusion-builder-row fusion-row fusion-flex-align-items-center fusion-flex-justify-content-center fusion-flex-content-wrap\" style=\"max-width:1331.2px;margin-left: calc(-4% \/ 2 );margin-right: calc(-4% \/ 2 );\"><div class=\"fusion-layout-column fusion_builder_column fusion-builder-column-0 fusion_builder_column_1_2 1_2 fusion-flex-column fusion-flex-align-self-center\" style=\"--awb-bg-size:cover;--awb-width-large:50%;--awb-margin-top-large:0px;--awb-spacing-right-large:0%;--awb-margin-bottom-large:0px;--awb-spacing-left-large:3.84%;--awb-width-medium:100%;--awb-order-medium:0;--awb-spacing-right-medium:1.92%;--awb-spacing-left-medium:1.92%;--awb-width-small:100%;--awb-order-small:0;--awb-spacing-right-small:1.92%;--awb-spacing-left-small:1.92%;\"><div class=\"fusion-column-wrapper fusion-column-has-shadow fusion-flex-justify-content-center fusion-content-layout-column\"><div class=\"fusion-text fusion-text-1 fusion-text-no-margin fusion-text-no-margin-sm\" style=\"--awb-content-alignment:center;--awb-margin-bottom:-40px;--awb-margin-bottom-small:-60px;\"><h1 style=\"--fontsize: 60; line-height: 1.1;\">BENEFITS<\/h1>\n<\/div><\/div><\/div><\/div><\/div><div class=\"fusion-fullwidth fullwidth-box fusion-builder-row-2 fusion-flex-container nonhundred-percent-fullwidth non-hundred-percent-height-scrolling\" style=\"--awb-border-radius-top-left:0px;--awb-border-radius-top-right:0px;--awb-border-radius-bottom-right:0px;--awb-border-radius-bottom-left:0px;--awb-padding-right:15px;--awb-padding-bottom:50px;--awb-padding-left:15px;--awb-padding-right-small:0px;--awb-padding-left-small:0px;--awb-margin-bottom:0px;--awb-flex-wrap:wrap;\" id=\"above-benefici\" ><div class=\"fusion-builder-row fusion-row fusion-flex-align-items-center fusion-flex-justify-content-center fusion-flex-content-wrap\" style=\"max-width:1331.2px;margin-left: calc(-4% \/ 2 );margin-right: calc(-4% \/ 2 );\"><div class=\"fusion-layout-column fusion_builder_column fusion-builder-column-1 fusion_builder_column_1_2 1_2 fusion-flex-column fusion-flex-align-self-center\" style=\"--awb-bg-size:cover;--awb-width-large:50%;--awb-margin-top-large:0px;--awb-spacing-right-large:0%;--awb-margin-bottom-large:0px;--awb-spacing-left-large:3.84%;--awb-width-medium:100%;--awb-order-medium:0;--awb-spacing-right-medium:1.92%;--awb-spacing-left-medium:1.92%;--awb-width-small:100%;--awb-order-small:0;--awb-spacing-right-small:1.92%;--awb-spacing-left-small:1.92%;\"><div class=\"fusion-column-wrapper fusion-column-has-shadow fusion-flex-justify-content-center fusion-content-layout-column\"><div class=\"fusion-text fusion-text-2 fusion-text-no-margin\" style=\"--awb-margin-bottom:-40px;\"><h2 class=\"info-box-title\">More energy - Less caffeine<\/h2>\n<\/div><div class=\"fusion-text fusion-text-3\"><p>Chokkino contains\u00a0<strong>only 11 mg of caffeine<\/strong>, so it is suitable for everyone: children, pregnant women and the elderly. In addition, cocoa contains the\u00a0<em>theobromine<\/em>, a molecule similar to the\u00a0<em>caffeine<\/em>\u00a0but less aggressive and with a more lasting effect that provides\u00a0<strong>slow-release energy<\/strong><\/p>\n<\/div><div class=\"fusion-text fusion-text-4 fusion-text-no-margin\" style=\"--awb-margin-top:20px;--awb-margin-bottom:-40px;--awb-margin-top-small:-10px;\"><h2 class=\"info-box-title\">More well-being - Less stress<\/h2>\n<\/div><div class=\"fusion-text fusion-text-5\"><p>Cocoa stimulates serotonin, the hormone of the\u00a0<strong>good mood<\/strong>, while coffee stimulates cortisol, the hormone of the\u00a0<strong>stress<\/strong>. In addition, cocoa stimulates the release of anandamide, the molecule of the\u00a0<strong>bliss<\/strong>, and phenylatilamine, the neurotransmitter of the<strong>falling in love<\/strong>. All together these molecules contribute to our\u00a0<em>wellness<\/em>, to make us feel good.<\/p>\n<\/div><div class=\"fusion-text fusion-text-6 fusion-text-no-margin\" style=\"--awb-margin-top:20px;--awb-margin-bottom:-40px;--awb-margin-top-small:-10px;\"><h2 class=\"info-box-title\">More taste - Less acidity<\/h2>\n<\/div><div class=\"fusion-text fusion-text-7\"><p>Cocoa is naturally\u00a0<strong>bitter<\/strong>\u00a0and acidic because it has a PH of 5.5\/6. Live Better cocoa, on the other hand, has a neutral PH (7), which is why it is\u00a0<strong>lovely<\/strong>\u00a0even without sugar and is also tolerated by those to whom coffee causes\u00a0<em>stomach acidity<\/em>. In fact, coffee has an acidic PH 5.5, and this is one of the reasons why many people\u00a0<strong>causes acidity<\/strong>.<\/p>\n<\/div><\/div><\/div><div class=\"fusion-layout-column fusion_builder_column fusion-builder-column-2 fusion_builder_column_1_2 1_2 fusion-flex-column fusion-flex-align-self-flex-start\" style=\"--awb-bg-size:cover;--awb-width-large:50%;--awb-margin-top-large:0px;--awb-spacing-right-large:3.84%;--awb-margin-bottom-large:0px;--awb-spacing-left-large:1.92%;--awb-width-medium:100%;--awb-order-medium:0;--awb-spacing-right-medium:1.92%;--awb-spacing-left-medium:1.92%;--awb-width-small:100%;--awb-order-small:0;--awb-margin-top-small:20px;--awb-spacing-right-small:1.92%;--awb-spacing-left-small:1.92%;\"><div class=\"fusion-column-wrapper fusion-column-has-shadow fusion-flex-justify-content-flex-start fusion-content-layout-column\"><div class=\"fusion-image-element\" style=\"text-align:right;--awb-caption-title-font-family:var(--h2_typography-font-family);--awb-caption-title-font-weight:var(--h2_typography-font-weight);--awb-caption-title-font-style:var(--h2_typography-font-style);--awb-caption-title-size:var(--h2_typography-font-size);--awb-caption-title-transform:var(--h2_typography-text-transform);--awb-caption-title-line-height:var(--h2_typography-line-height);--awb-caption-title-letter-spacing:var(--h2_typography-letter-spacing);\"><span class=\"fusion-imageframe imageframe-none imageframe-1 hover-type-none\" style=\"border-radius:20px;\"><img decoding=\"async\" width=\"600\" height=\"808\" title=\"benefits-of-cocoa-versus-coffee\" src=\"https:\/\/staging2.livebetter.eu\/wp-content\/uploads\/2025\/11\/benefici-del-cacao-rispetto-al-caffe.jpg\" alt class=\"img-responsive wp-image-2334273\" srcset=\"https:\/\/staging2.livebetter.eu\/wp-content\/uploads\/2025\/11\/benefici-del-cacao-rispetto-al-caffe-200x269.jpg 200w, https:\/\/staging2.livebetter.eu\/wp-content\/uploads\/2025\/11\/benefici-del-cacao-rispetto-al-caffe-400x539.jpg 400w, https:\/\/staging2.livebetter.eu\/wp-content\/uploads\/2025\/11\/benefici-del-cacao-rispetto-al-caffe.jpg 600w\" sizes=\"(max-width: 1024px) 100vw, (max-width: 640px) 100vw, 600px\" \/><\/span><\/div><\/div><\/div><\/div><\/div><div class=\"fusion-fullwidth fullwidth-box fusion-builder-row-3 fusion-flex-container nonhundred-percent-fullwidth non-hundred-percent-height-scrolling\" style=\"--awb-border-radius-top-left:0px;--awb-border-radius-top-right:0px;--awb-border-radius-bottom-right:0px;--awb-border-radius-bottom-left:0px;--awb-padding-right:4%;--awb-padding-left:4%;--awb-margin-top:40px;--awb-margin-bottom:60px;--awb-margin-bottom-small:0px;--awb-flex-wrap:wrap;\" id=\"caffeina-funz\" ><div class=\"fusion-builder-row fusion-row fusion-flex-align-items-flex-start fusion-flex-justify-content-center fusion-flex-content-wrap\" style=\"max-width:1331.2px;margin-left: calc(-4% \/ 2 );margin-right: calc(-4% \/ 2 );\"><div class=\"fusion-layout-column fusion_builder_column fusion-builder-column-3 fusion_builder_column_2_3 2_3 fusion-flex-column\" style=\"--awb-padding-right-small:21px;--awb-padding-left-small:21px;--awb-bg-size:cover;--awb-width-large:66.666666666667%;--awb-margin-top-large:0px;--awb-spacing-right-large:2.88%;--awb-margin-bottom-large:0px;--awb-spacing-left-large:2.88%;--awb-width-medium:100%;--awb-order-medium:0;--awb-spacing-right-medium:1.92%;--awb-spacing-left-medium:1.92%;--awb-width-small:100%;--awb-order-small:0;--awb-spacing-right-small:1.92%;--awb-spacing-left-small:1.92%;\"><div class=\"fusion-column-wrapper fusion-column-has-shadow fusion-flex-justify-content-flex-start fusion-content-layout-column\"><div class=\"fusion-text fusion-text-8 fusion-text-no-margin fusion-text-no-margin-sm\" style=\"--awb-margin-right:10px;--awb-margin-bottom:-40px;--awb-margin-left:10px;--awb-margin-bottom-small:0px;\"><h2 class=\"fusion-responsive-typography-calculated\" style=\"text-align: center; --fontsize: 60; line-height: 1.1;\" data-fontsize=\"60\" data-lineheight=\"66px\">HOW CAFFEINE WORKS<\/h2>\n<\/div><div class=\"fusion-text fusion-text-9\"><p style=\"text-align: center;\">Caffeine is the\u00a0<strong>Most consumed psychoactive substance in the world<\/strong>\u00a0why\u00a0<em>we believe provides us with energy<\/em>. In fact, caffeine prevents adenosine (a neurotransmitter) from signaling to the brain when it needs to stop and rest. So the\u00a0<em>caffeine does not give us energy<\/em>, simply\u00a0<strong>tricks our brain<\/strong>\u00a0Not making us feel tired.<\/p>\n<\/div><\/div><\/div><\/div><\/div><div class=\"fusion-fullwidth fullwidth-box fusion-builder-row-4 fusion-flex-container nonhundred-percent-fullwidth non-hundred-percent-height-scrolling box-neri\" style=\"--awb-border-radius-top-left:0px;--awb-border-radius-top-right:0px;--awb-border-radius-bottom-right:0px;--awb-border-radius-bottom-left:0px;--awb-padding-right:4%;--awb-padding-left:4%;--awb-margin-bottom:100px;--awb-margin-bottom-small:62px;--awb-flex-wrap:wrap;\" ><div class=\"fusion-builder-row fusion-row fusion-flex-align-items-flex-start fusion-flex-justify-content-center fusion-flex-content-wrap\" style=\"max-width:1331.2px;margin-left: calc(-4% \/ 2 );margin-right: calc(-4% \/ 2 );\"><div class=\"fusion-layout-column fusion_builder_column fusion-builder-column-4 fusion_builder_column_1_2 1_2 fusion-flex-column\" style=\"--awb-bg-size:cover;--awb-width-large:50%;--awb-margin-top-large:0px;--awb-spacing-right-large:3.84%;--awb-margin-bottom-large:0px;--awb-spacing-left-large:3.84%;--awb-width-medium:100%;--awb-order-medium:0;--awb-spacing-right-medium:1.92%;--awb-spacing-left-medium:1.92%;--awb-width-small:100%;--awb-order-small:0;--awb-spacing-right-small:1.92%;--awb-spacing-left-small:1.92%;\"><div class=\"fusion-column-wrapper fusion-column-has-shadow fusion-flex-justify-content-flex-start fusion-content-layout-column\"><div class=\"fusion-text fusion-text-10 fusion-text-no-margin primo-blocco\" style=\"--awb-margin-bottom:-20px;\"><h3 class=\"info-box-title\">Is caffeine bad for you?<\/h3>\n<\/div><div class=\"fusion-text fusion-text-11 primo-blocco\"><p>Paracelsus' golden rule applies here as well \"<strong>it is the dose that makes the poison<\/strong>\", also confirmed by EFSA (European Food and Safety Authority) in its dossier on caffeine: if the&nbsp;<strong>recommended daily doses<\/strong>&nbsp;caffeine consumption is of no concern<\/p>\n<p><em>Adults 400 mg<br \/>\nPregnant and lactating women 200 mg<br \/>\nChildren 3 mg per kg of body weight<\/em><\/p>\n<\/div><\/div><\/div><div class=\"fusion-layout-column fusion_builder_column fusion-builder-column-5 fusion_builder_column_1_2 1_2 fusion-flex-column\" style=\"--awb-bg-size:cover;--awb-width-large:50%;--awb-margin-top-large:0px;--awb-spacing-right-large:3.84%;--awb-margin-bottom-large:0px;--awb-spacing-left-large:3.84%;--awb-width-medium:100%;--awb-order-medium:0;--awb-spacing-right-medium:1.92%;--awb-spacing-left-medium:1.92%;--awb-width-small:100%;--awb-order-small:0;--awb-spacing-right-small:1.92%;--awb-spacing-left-small:1.92%;\"><div class=\"fusion-column-wrapper fusion-column-has-shadow fusion-flex-justify-content-flex-start fusion-content-layout-column\"><div class=\"fusion-text fusion-text-12 fusion-text-no-margin\" style=\"--awb-margin-bottom:-20px;\"><h3 class=\"info-box-title\">Caffeine content<\/h3>\n<\/div><div class=\"fusion-text fusion-text-13\"><p><strong>Chokkino<\/strong>&nbsp;Espresso\/Long - 11 mg<br \/>\n<strong>Chokkino<\/strong>&nbsp;Extreme - 22 mg<br \/>\nCocaCola (330 ml) - 32 mg<br \/>\nCup of green tea - 34 mg<br \/>\nCup of black tea - 50 mg<br \/>\nEspresso coffee - 80 mg<br \/>\nEnergy drink (250 ml) - 80 mg<br \/>\nAmerican coffee - 90 mg<\/p>\n<\/div><\/div><\/div><\/div><\/div><div class=\"fusion-fullwidth fullwidth-box fusion-builder-row-5 fusion-flex-container nonhundred-percent-fullwidth non-hundred-percent-height-scrolling\" style=\"--awb-border-radius-top-left:0px;--awb-border-radius-top-right:0px;--awb-border-radius-bottom-right:0px;--awb-border-radius-bottom-left:0px;--awb-padding-right:4%;--awb-padding-left:4%;--awb-margin-top:76.99719999999999px;--awb-margin-bottom:100px;--awb-margin-top-small:0px;--awb-margin-bottom-small:50px;--awb-flex-wrap:wrap;\" id=\"caffeina-funz\" ><div class=\"fusion-builder-row fusion-row fusion-flex-align-items-flex-start fusion-flex-content-wrap\" style=\"max-width:1331.2px;margin-left: calc(-4% \/ 2 );margin-right: calc(-4% \/ 2 );\"><div class=\"fusion-layout-column fusion_builder_column fusion-builder-column-6 fusion_builder_column_1_1 1_1 fusion-flex-column\" style=\"--awb-bg-size:cover;--awb-width-large:100%;--awb-margin-top-large:0px;--awb-spacing-right-large:1.92%;--awb-margin-bottom-large:0px;--awb-spacing-left-large:1.92%;--awb-width-medium:100%;--awb-order-medium:0;--awb-spacing-right-medium:1.92%;--awb-spacing-left-medium:1.92%;--awb-width-small:100%;--awb-order-small:0;--awb-spacing-right-small:1.92%;--awb-spacing-left-small:1.92%;\"><div class=\"fusion-column-wrapper fusion-column-has-shadow fusion-flex-justify-content-flex-start fusion-content-layout-column\"><div class=\"fusion-text fusion-text-14 fusion-text-no-margin\" style=\"--awb-margin-bottom:-30px;\"><h2 style=\"text-align: center;\">THEOBROMINE MON AMOUR<\/h2>\n<\/div><div class=\"fusion-text fusion-text-15 fusion-text-no-margin\" style=\"--awb-margin-bottom:-10px;\"><p style=\"text-align: center;\">Theobroma is a\u00a0<strong>stimulating molecule<\/strong> very similar to caffeine, but with important differences: it has a gentler and less aggressive stimulation, its effect lasts longer, gives a feeling of well-being, and has a milder diuretic action than caffeine.<\/p>\n<\/div><div style=\"text-align:center;\"><a class=\"fusion-button button-flat button-xlarge button-default fusion-button-default button-1 fusion-button-default-span fusion-button-default-type\" style=\"--awb-margin-top:40px;\" target=\"_self\" href=\"https:\/\/staging2.livebetter.eu\/en\/benefits-of-cocoa-versus-coffee\/?srsltid=AfmBOopSgJFuE6UOS6SXr8vE87Ancdmjf2WgVMRa3OpLFNGaLmzc90PL\"><span class=\"fusion-button-text awb-button__text awb-button__text--default\">Buy the box<\/span><\/a><\/div><\/div><\/div><\/div><\/div><\/p>","protected":false},"excerpt":{"rendered":"","protected":false},"author":1,"featured_media":0,"parent":0,"menu_order":0,"comment_status":"closed","ping_status":"closed","template":"","meta":{"_acf_changed":false,"footnotes":""},"class_list":["post-28879","page","type-page","status-publish","hentry"],"acf":[],"yoast_head":"<!-- This site is optimized with the Yoast SEO plugin v27.4 - https:\/\/yoast.com\/product\/yoast-seo-wordpress\/ -->\n<title>Benefici del cacao rispetto al caff\u00e8 | Live Better<\/title>\n<meta name=\"description\" content=\"Il cacao, come il caff\u00e8, dona energia e offre molteplici benefici: \u00e8 meno aggressivo, ha un PH neutro e un gusto amabile anche senza zucchero. Scopri di pi\u00f9!\" \/>\n<meta name=\"robots\" content=\"noindex, follow, max-snippet:-1, max-image-preview:large, max-video-preview:-1\" \/>\n<meta property=\"og:locale\" content=\"en_US\" \/>\n<meta property=\"og:type\" content=\"article\" \/>\n<meta property=\"og:title\" content=\"Benefici del cacao rispetto al caff\u00e8 | Live Better\" \/>\n<meta property=\"og:description\" content=\"Il cacao, come il caff\u00e8, dona energia e offre molteplici benefici: \u00e8 meno aggressivo, ha un PH neutro e un gusto amabile anche senza zucchero. Scopri di pi\u00f9!\" \/>\n<meta property=\"og:url\" content=\"https:\/\/staging2.livebetter.eu\/en\/benefits-of-cocoa-versus-coffee\/\" \/>\n<meta property=\"og:site_name\" content=\"Live Better\" \/>\n<meta property=\"article:publisher\" content=\"https:\/\/it-it.facebook.com\/chokkino.livebetter\/\" \/>\n<meta property=\"article:modified_time\" content=\"2025-11-25T13:42:55+00:00\" \/>\n<meta name=\"twitter:card\" content=\"summary_large_image\" \/>\n<meta name=\"twitter:label1\" content=\"Est. reading time\" \/>\n\t<meta name=\"twitter:data1\" content=\"3 minutes\" \/>\n<script type=\"application\/ld+json\" class=\"yoast-schema-graph\">{\"@context\":\"https:\\\/\\\/schema.org\",\"@graph\":[{\"@type\":\"WebPage\",\"@id\":\"https:\\\/\\\/staging2.livebetter.eu\\\/benefici-del-cacao-rispetto-al-caffe\\\/\",\"url\":\"https:\\\/\\\/staging2.livebetter.eu\\\/benefici-del-cacao-rispetto-al-caffe\\\/\",\"name\":\"Benefici del cacao rispetto al caff\u00e8 | Live Better\",\"isPartOf\":{\"@id\":\"https:\\\/\\\/staging2.livebetter.eu\\\/#website\"},\"datePublished\":\"2021-06-16T15:25:39+00:00\",\"dateModified\":\"2025-11-25T13:42:55+00:00\",\"description\":\"Il cacao, come il caff\u00e8, dona energia e offre molteplici benefici: \u00e8 meno aggressivo, ha un PH neutro e un gusto amabile anche senza zucchero. Scopri di pi\u00f9!\",\"breadcrumb\":{\"@id\":\"https:\\\/\\\/staging2.livebetter.eu\\\/benefici-del-cacao-rispetto-al-caffe\\\/#breadcrumb\"},\"inLanguage\":\"en-US\",\"potentialAction\":[{\"@type\":\"ReadAction\",\"target\":[\"https:\\\/\\\/staging2.livebetter.eu\\\/benefici-del-cacao-rispetto-al-caffe\\\/\"]}]},{\"@type\":\"BreadcrumbList\",\"@id\":\"https:\\\/\\\/staging2.livebetter.eu\\\/benefici-del-cacao-rispetto-al-caffe\\\/#breadcrumb\",\"itemListElement\":[{\"@type\":\"ListItem\",\"position\":1,\"name\":\"Home\",\"item\":\"https:\\\/\\\/staging2.livebetter.eu\\\/\"},{\"@type\":\"ListItem\",\"position\":2,\"name\":\"Benefici del cacao rispetto al caff\u00e8\"}]},{\"@type\":\"WebSite\",\"@id\":\"https:\\\/\\\/staging2.livebetter.eu\\\/#website\",\"url\":\"https:\\\/\\\/staging2.livebetter.eu\\\/\",\"name\":\"Live Better\",\"description\":\"Be Aware Be Conscious Live Better\",\"publisher\":{\"@id\":\"https:\\\/\\\/staging2.livebetter.eu\\\/#organization\"},\"potentialAction\":[{\"@type\":\"SearchAction\",\"target\":{\"@type\":\"EntryPoint\",\"urlTemplate\":\"https:\\\/\\\/staging2.livebetter.eu\\\/?s={search_term_string}\"},\"query-input\":{\"@type\":\"PropertyValueSpecification\",\"valueRequired\":true,\"valueName\":\"search_term_string\"}}],\"inLanguage\":\"en-US\"},{\"@type\":\"Organization\",\"@id\":\"https:\\\/\\\/staging2.livebetter.eu\\\/#organization\",\"name\":\"Live Better\",\"url\":\"https:\\\/\\\/staging2.livebetter.eu\\\/\",\"logo\":{\"@type\":\"ImageObject\",\"inLanguage\":\"en-US\",\"@id\":\"https:\\\/\\\/staging2.livebetter.eu\\\/#\\\/schema\\\/logo\\\/image\\\/\",\"url\":\"https:\\\/\\\/staging2.livebetter.eu\\\/wp-content\\\/uploads\\\/2024\\\/01\\\/Live-Better_BLK.png\",\"contentUrl\":\"https:\\\/\\\/staging2.livebetter.eu\\\/wp-content\\\/uploads\\\/2024\\\/01\\\/Live-Better_BLK.png\",\"width\":640,\"height\":148,\"caption\":\"Live Better\"},\"image\":{\"@id\":\"https:\\\/\\\/staging2.livebetter.eu\\\/#\\\/schema\\\/logo\\\/image\\\/\"},\"sameAs\":[\"https:\\\/\\\/it-it.facebook.com\\\/chokkino.livebetter\\\/\",\"https:\\\/\\\/www.instagram.com\\\/chokkino.livebetter\\\/\",\"https:\\\/\\\/www.youtube.com\\\/channel\\\/UCgfDP1NuokZB95pItqolRrg\",\"https:\\\/\\\/open.spotify.com\\\/show\\\/0qFUUFAKzd4Du7s5ReclC1\",\"https:\\\/\\\/podcasts.google.com\\\/feed\\\/aHR0cHM6Ly93d3cuc3ByZWFrZXIuY29tL3Nob3cvNTYyNTI5Ny9lcGlzb2Rlcy9mZWVk?sa=X&ved=2ahUKEwidzc2emOj6AhWvhP0HHdBrCzAQ9sEGegQIARAC\",\"https:\\\/\\\/podcasts.apple.com\\\/us\\\/podcast\\\/live-better\\\/id1643489685\"]}]}<\/script>\n<!-- \/ Yoast SEO plugin. -->","yoast_head_json":{"title":"Benefits of cocoa compared to coffee | Live Better","description":"Cocoa, like coffee, gives energy and offers multiple benefits: it is less aggressive, has a neutral PH and a lovable taste even without sugar. Learn more!","robots":{"index":"noindex","follow":"follow","max-snippet":"max-snippet:-1","max-image-preview":"max-image-preview:large","max-video-preview":"max-video-preview:-1"},"og_locale":"en_US","og_type":"article","og_title":"Benefici del cacao rispetto al caff\u00e8 | Live Better","og_description":"Il cacao, come il caff\u00e8, dona energia e offre molteplici benefici: \u00e8 meno aggressivo, ha un PH neutro e un gusto amabile anche senza zucchero. Scopri di pi\u00f9!","og_url":"https:\/\/staging2.livebetter.eu\/en\/benefits-of-cocoa-versus-coffee\/","og_site_name":"Live Better","article_publisher":"https:\/\/it-it.facebook.com\/chokkino.livebetter\/","article_modified_time":"2025-11-25T13:42:55+00:00","twitter_card":"summary_large_image","twitter_misc":{"Est. reading time":"3 minutes"},"schema":{"@context":"https:\/\/schema.org","@graph":[{"@type":"WebPage","@id":"https:\/\/staging2.livebetter.eu\/benefici-del-cacao-rispetto-al-caffe\/","url":"https:\/\/staging2.livebetter.eu\/benefici-del-cacao-rispetto-al-caffe\/","name":"Benefits of cocoa compared to coffee | Live Better","isPartOf":{"@id":"https:\/\/staging2.livebetter.eu\/#website"},"datePublished":"2021-06-16T15:25:39+00:00","dateModified":"2025-11-25T13:42:55+00:00","description":"Cocoa, like coffee, gives energy and offers multiple benefits: it is less aggressive, has a neutral PH and a lovable taste even without sugar. Learn more!","breadcrumb":{"@id":"https:\/\/staging2.livebetter.eu\/benefici-del-cacao-rispetto-al-caffe\/#breadcrumb"},"inLanguage":"en-US","potentialAction":[{"@type":"ReadAction","target":["https:\/\/staging2.livebetter.eu\/benefici-del-cacao-rispetto-al-caffe\/"]}]},{"@type":"BreadcrumbList","@id":"https:\/\/staging2.livebetter.eu\/benefici-del-cacao-rispetto-al-caffe\/#breadcrumb","itemListElement":[{"@type":"ListItem","position":1,"name":"Home","item":"https:\/\/staging2.livebetter.eu\/"},{"@type":"ListItem","position":2,"name":"Benefici del cacao rispetto al caff\u00e8"}]},{"@type":"WebSite","@id":"https:\/\/staging2.livebetter.eu\/#website","url":"https:\/\/staging2.livebetter.eu\/","name":"Live Better","description":"Be Aware Be Conscious Live Better","publisher":{"@id":"https:\/\/staging2.livebetter.eu\/#organization"},"potentialAction":[{"@type":"SearchAction","target":{"@type":"EntryPoint","urlTemplate":"https:\/\/staging2.livebetter.eu\/?s={search_term_string}"},"query-input":{"@type":"PropertyValueSpecification","valueRequired":true,"valueName":"search_term_string"}}],"inLanguage":"en-US"},{"@type":"Organization","@id":"https:\/\/staging2.livebetter.eu\/#organization","name":"Live Better","url":"https:\/\/staging2.livebetter.eu\/","logo":{"@type":"ImageObject","inLanguage":"en-US","@id":"https:\/\/staging2.livebetter.eu\/#\/schema\/logo\/image\/","url":"https:\/\/staging2.livebetter.eu\/wp-content\/uploads\/2024\/01\/Live-Better_BLK.png","contentUrl":"https:\/\/staging2.livebetter.eu\/wp-content\/uploads\/2024\/01\/Live-Better_BLK.png","width":640,"height":148,"caption":"Live Better"},"image":{"@id":"https:\/\/staging2.livebetter.eu\/#\/schema\/logo\/image\/"},"sameAs":["https:\/\/it-it.facebook.com\/chokkino.livebetter\/","https:\/\/www.instagram.com\/chokkino.livebetter\/","https:\/\/www.youtube.com\/channel\/UCgfDP1NuokZB95pItqolRrg","https:\/\/open.spotify.com\/show\/0qFUUFAKzd4Du7s5ReclC1","https:\/\/podcasts.google.com\/feed\/aHR0cHM6Ly93d3cuc3ByZWFrZXIuY29tL3Nob3cvNTYyNTI5Ny9lcGlzb2Rlcy9mZWVk?sa=X&ved=2ahUKEwidzc2emOj6AhWvhP0HHdBrCzAQ9sEGegQIARAC","https:\/\/podcasts.apple.com\/us\/podcast\/live-better\/id1643489685"]}]}},"_links":{"self":[{"href":"https:\/\/staging2.livebetter.eu\/en\/wp-json\/wp\/v2\/pages\/28879","targetHints":{"allow":["GET"]}}],"collection":[{"href":"https:\/\/staging2.livebetter.eu\/en\/wp-json\/wp\/v2\/pages"}],"about":[{"href":"https:\/\/staging2.livebetter.eu\/en\/wp-json\/wp\/v2\/types\/page"}],"author":[{"embeddable":true,"href":"https:\/\/staging2.livebetter.eu\/en\/wp-json\/wp\/v2\/users\/1"}],"replies":[{"embeddable":true,"href":"https:\/\/staging2.livebetter.eu\/en\/wp-json\/wp\/v2\/comments?post=28879"}],"version-history":[{"count":3,"href":"https:\/\/staging2.livebetter.eu\/en\/wp-json\/wp\/v2\/pages\/28879\/revisions"}],"predecessor-version":[{"id":2334293,"href":"https:\/\/staging2.livebetter.eu\/en\/wp-json\/wp\/v2\/pages\/28879\/revisions\/2334293"}],"wp:attachment":[{"href":"https:\/\/staging2.livebetter.eu\/en\/wp-json\/wp\/v2\/media?parent=28879"}],"curies":[{"name":"wp","href":"https:\/\/api.w.org\/{rel}","templated":true}]}}