{"id":2249658,"date":"2025-08-07T09:52:57","date_gmt":"2025-08-07T07:52:57","guid":{"rendered":"https:\/\/www.livebetter.eu\/?page_id=2249658"},"modified":"2026-03-05T12:33:03","modified_gmt":"2026-03-05T11:33:03","slug":"direct","status":"publish","type":"page","link":"https:\/\/staging2.livebetter.eu\/en\/dirette\/","title":{"rendered":"Directs"},"content":{"rendered":"<div class=\"fusion-fullwidth fullwidth-box fusion-builder-row-1 fusion-flex-container has-pattern-background has-mask-background nonhundred-percent-fullwidth non-hundred-percent-height-scrolling store-location-wrap\" style=\"--awb-border-radius-top-left:0px;--awb-border-radius-top-right:0px;--awb-border-radius-bottom-right:0px;--awb-border-radius-bottom-left:0px;--awb-padding-top:10px;--awb-padding-right:15px;--awb-padding-bottom:70px;--awb-padding-left:22px;--awb-padding-top-small:0px;--awb-padding-right-small:10px;--awb-padding-bottom-small:15px;--awb-padding-left-small:10px;--awb-margin-top-small:0px;--awb-flex-wrap:wrap;\" ><div class=\"fusion-builder-row fusion-row fusion-flex-align-items-flex-start fusion-flex-justify-content-center fusion-flex-content-wrap\" style=\"max-width:1331.2px;margin-left: calc(-4% \/ 2 );margin-right: calc(-4% \/ 2 );\"><div class=\"fusion-layout-column fusion_builder_column fusion-builder-column-0 fusion_builder_column_1_1 1_1 fusion-flex-column\" style=\"--awb-padding-right-small:0px;--awb-padding-left-small:0px;--awb-bg-size:cover;--awb-width-large:100%;--awb-margin-top-large:0px;--awb-spacing-right-large:0px;--awb-margin-bottom-large:50px px;--awb-spacing-left-large:0px;--awb-width-medium:100%;--awb-order-medium:0;--awb-spacing-right-medium:1.92%;--awb-spacing-left-medium:1.92%;--awb-width-small:100%;--awb-order-small:0;--awb-spacing-right-small:0%;--awb-spacing-left-small:0%;\" data-scroll-devices=\"small-visibility,medium-visibility,large-visibility\"><div class=\"fusion-column-wrapper fusion-column-has-shadow fusion-flex-justify-content-flex-start fusion-content-layout-column\"><div class=\"fusion-title title fusion-title-1 fusion-sep-none fusion-title-text fusion-title-size-two\" style=\"--awb-text-color:#333333;--awb-margin-top:0px;--awb-margin-bottom:30px;--awb-margin-top-small:0px;--awb-margin-right-small:0px;--awb-margin-bottom-small:15px;--awb-margin-left-small:0px;--awb-font-size:54px;\"><h2 class=\"fusion-title-heading title-heading-left fusion-responsive-typography-calculated\" style=\"margin:0;font-size:1em;--fontSize:54;line-height:0.9;\">LIVES<\/h2><\/div><div class=\"fusion-text fusion-text-1 location-content1\" style=\"--awb-content-alignment:left;--awb-font-size:16px;--awb-text-color:#000000;--awb-margin-left:2px;\"><p>Live Better's mission in addition to creating good and healthy products is to help people live better.<br \/>\nBeing aware of how food affects our health is the first step.<\/p>\n<p>We talk about it during the weekly live streams on Instagram.<br \/>\nLive feeds are saved and you can review them on Instagram (but it is not so convenient because if you watch it in two or three times it does not keep in memory where you got to) and YouTube.<br \/>\nThey are also available as podcasts on Spotify, Apple Podcasts, and Spreaker<\/p>\n<p>Here are all the links<\/p>\n<\/div><div class=\"fusion-social-links fusion-social-links-1 locator-social\" style=\"--awb-margin-top:0px;--awb-margin-right:0px;--awb-margin-bottom:3%;--awb-margin-left:2px;--awb-margin-top-small:10px;--awb-margin-right-small:0px;--awb-margin-bottom-small:10px;--awb-margin-left-small:0px;--awb-alignment:left;--awb-box-border-top:0px;--awb-box-border-right:0px;--awb-box-border-bottom:0px;--awb-box-border-left:0px;--awb-icon-colors-hover:rgba(190,189,189,0.8);--awb-box-colors-hover:rgba(232,232,232,0.8);--awb-box-border-color:#000000;--awb-box-border-color-hover:var(--awb-color4);--awb-alignment-small:center;\"><div class=\"fusion-social-networks boxed-icons color-type-brand\"><div class=\"fusion-social-networks-wrapper\"><a class=\"fusion-social-network-icon fusion-tooltip fusion-instagram fa-instagram fab\" style=\"color:#ffffff;font-size:18px;width:18px;background-color:#c13584;border-color:#c13584;border-radius:100px;\" data-placement=\"left\" data-title=\"Instagram\" data-toggle=\"tooltip\" title=\"Instagram\" aria-label=\"instagram\" target=\"_blank\" rel=\"noopener noreferrer\" href=\"https:\/\/www.instagram.com\/livebetter_it\"><\/a><a class=\"fusion-social-network-icon fusion-tooltip fusion-youtube awb-icon-youtube\" style=\"color:#ffffff;font-size:18px;width:18px;background-color:#cd201f;border-color:#cd201f;border-radius:100px;\" data-placement=\"left\" data-title=\"YouTube\" data-toggle=\"tooltip\" title=\"YouTube\" aria-label=\"youtube\" target=\"_blank\" rel=\"noopener noreferrer\" href=\"https:\/\/www.youtube.com\/channel\/UCgfDP1NuokZB95pItqolRrg\"><\/a><a class=\"fusion-social-network-icon fusion-tooltip fusion-Google Podcast fa-microphone-alt fas\" style=\"font-size:18px;width:18px;border-radius:100px;\" data-placement=\"left\" data-title=\"Google Podcast\" data-toggle=\"tooltip\" title=\"Google Podcasts\" aria-label=\"Google Podcasts\" target=\"_blank\" rel=\"noopener noreferrer\" href=\"https:\/\/podcasts.google.com\/feed\/aHR0cHM6Ly93d3cuc3ByZWFrZXIuY29tL3Nob3cvNTYyNTI5Ny9lcGlzb2Rlcy9mZWVk?sa=X&amp;ved=2ahUKEwidzc2emOj6AhWvhP0HHdBrCzAQ9sEGegQIARAC\"><\/a><a class=\"fusion-social-network-icon fusion-tooltip fusion-spotify awb-icon-spotify\" style=\"color:#ffffff;font-size:18px;width:18px;background-color:#2ebd59;border-color:#2ebd59;border-radius:100px;\" data-placement=\"left\" data-title=\"Spotify\" data-toggle=\"tooltip\" title=\"Spotify\" aria-label=\"spotify\" target=\"_blank\" rel=\"noopener noreferrer\" href=\"https:\/\/open.spotify.com\/show\/0qFUUFAKzd4Du7s5ReclC1\"><\/a><a class=\"fusion-social-network-icon fusion-tooltip fusion-Spreaker awb-icon-Spreaker\" style=\"font-size:18px;width:18px;border-radius:100px;\" data-placement=\"left\" data-title=\"Spreaker\" data-toggle=\"tooltip\" title=\"Spreaker\" aria-label=\"Spreaker\" target=\"_blank\" rel=\"noopener noreferrer\" href=\"https:\/\/www.spreaker.com\/show\/live-better\"><img decoding=\"async\" src=\"https:\/\/staging2.livebetter.eu\/wp-content\/uploads\/2022\/10\/spreaker_live-better.png\" alt=\"Spreaker\" width=\"26\" height=\"26\" \/><\/a><a class=\"fusion-social-network-icon fusion-tooltip fusion-Podcast Apple fa-podcast fas\" style=\"font-size:18px;width:18px;border-radius:100px;\" data-placement=\"left\" data-title=\"Podcast Apple\" data-toggle=\"tooltip\" title=\"Apple Podcasts\" aria-label=\"Apple Podcasts\" target=\"_blank\" rel=\"noopener noreferrer\" href=\"https:\/\/podcasts.apple.com\/us\/podcast\/live-better\/id1643489685\"><\/a><\/div><\/div><\/div><\/div><\/div><\/div><\/div>","protected":false},"excerpt":{"rendered":"","protected":false},"author":2,"featured_media":0,"parent":0,"menu_order":0,"comment_status":"closed","ping_status":"closed","template":"","meta":{"_acf_changed":false,"footnotes":""},"class_list":["post-2249658","page","type-page","status-publish","hentry"],"acf":[],"yoast_head":"<!-- This site is optimized with the Yoast SEO plugin v27.4 - https:\/\/yoast.com\/product\/yoast-seo-wordpress\/ -->\n<title>Store Locator Chokkino: trova il bar pi\u00f9 vicino a te | Live Better<\/title>\n<meta name=\"description\" content=\"Usa lo store locator per trovare il bar pi\u00f9 vicino a te. Cos\u00ec puoi farti un Chokkino e sentirti divino! Join the CacaoRevolution!\" \/>\n<meta name=\"robots\" content=\"noindex, follow, max-snippet:-1, max-image-preview:large, max-video-preview:-1\" \/>\n<meta property=\"og:locale\" content=\"en_US\" \/>\n<meta property=\"og:type\" content=\"article\" \/>\n<meta property=\"og:title\" content=\"Store Locator Chokkino: trova il bar pi\u00f9 vicino a te | Live Better\" \/>\n<meta property=\"og:description\" content=\"Usa lo store locator per trovare il bar pi\u00f9 vicino a te. Cos\u00ec puoi farti un Chokkino e sentirti divino! Join the CacaoRevolution!\" \/>\n<meta property=\"og:url\" content=\"https:\/\/staging2.livebetter.eu\/en\/direct\/\" \/>\n<meta property=\"og:site_name\" content=\"Live Better\" \/>\n<meta property=\"article:publisher\" content=\"https:\/\/it-it.facebook.com\/chokkino.livebetter\/\" \/>\n<meta property=\"article:modified_time\" content=\"2026-03-05T11:33:03+00:00\" \/>\n<meta name=\"twitter:card\" content=\"summary_large_image\" \/>\n<meta name=\"twitter:label1\" content=\"Est. reading time\" \/>\n\t<meta name=\"twitter:data1\" content=\"1 minute\" \/>\n<script type=\"application\/ld+json\" class=\"yoast-schema-graph\">{\"@context\":\"https:\\\/\\\/schema.org\",\"@graph\":[{\"@type\":\"WebPage\",\"@id\":\"https:\\\/\\\/staging2.livebetter.eu\\\/dirette\\\/\",\"url\":\"https:\\\/\\\/staging2.livebetter.eu\\\/dirette\\\/\",\"name\":\"Store Locator Chokkino: trova il bar pi\u00f9 vicino a te | Live Better\",\"isPartOf\":{\"@id\":\"https:\\\/\\\/staging2.livebetter.eu\\\/#website\"},\"datePublished\":\"2025-08-07T07:52:57+00:00\",\"dateModified\":\"2026-03-05T11:33:03+00:00\",\"description\":\"Usa lo store locator per trovare il bar pi\u00f9 vicino a te. Cos\u00ec puoi farti un Chokkino e sentirti divino! Join the CacaoRevolution!\",\"breadcrumb\":{\"@id\":\"https:\\\/\\\/staging2.livebetter.eu\\\/dirette\\\/#breadcrumb\"},\"inLanguage\":\"en-US\",\"potentialAction\":[{\"@type\":\"ReadAction\",\"target\":[\"https:\\\/\\\/staging2.livebetter.eu\\\/dirette\\\/\"]}]},{\"@type\":\"BreadcrumbList\",\"@id\":\"https:\\\/\\\/staging2.livebetter.eu\\\/dirette\\\/#breadcrumb\",\"itemListElement\":[{\"@type\":\"ListItem\",\"position\":1,\"name\":\"Home\",\"item\":\"https:\\\/\\\/staging2.livebetter.eu\\\/\"},{\"@type\":\"ListItem\",\"position\":2,\"name\":\"Dirette\"}]},{\"@type\":\"WebSite\",\"@id\":\"https:\\\/\\\/staging2.livebetter.eu\\\/#website\",\"url\":\"https:\\\/\\\/staging2.livebetter.eu\\\/\",\"name\":\"Live Better\",\"description\":\"Be Aware Be Conscious Live Better\",\"publisher\":{\"@id\":\"https:\\\/\\\/staging2.livebetter.eu\\\/#organization\"},\"potentialAction\":[{\"@type\":\"SearchAction\",\"target\":{\"@type\":\"EntryPoint\",\"urlTemplate\":\"https:\\\/\\\/staging2.livebetter.eu\\\/?s={search_term_string}\"},\"query-input\":{\"@type\":\"PropertyValueSpecification\",\"valueRequired\":true,\"valueName\":\"search_term_string\"}}],\"inLanguage\":\"en-US\"},{\"@type\":\"Organization\",\"@id\":\"https:\\\/\\\/staging2.livebetter.eu\\\/#organization\",\"name\":\"Live Better\",\"url\":\"https:\\\/\\\/staging2.livebetter.eu\\\/\",\"logo\":{\"@type\":\"ImageObject\",\"inLanguage\":\"en-US\",\"@id\":\"https:\\\/\\\/staging2.livebetter.eu\\\/#\\\/schema\\\/logo\\\/image\\\/\",\"url\":\"https:\\\/\\\/staging2.livebetter.eu\\\/wp-content\\\/uploads\\\/2024\\\/01\\\/Live-Better_BLK.png\",\"contentUrl\":\"https:\\\/\\\/staging2.livebetter.eu\\\/wp-content\\\/uploads\\\/2024\\\/01\\\/Live-Better_BLK.png\",\"width\":640,\"height\":148,\"caption\":\"Live Better\"},\"image\":{\"@id\":\"https:\\\/\\\/staging2.livebetter.eu\\\/#\\\/schema\\\/logo\\\/image\\\/\"},\"sameAs\":[\"https:\\\/\\\/it-it.facebook.com\\\/chokkino.livebetter\\\/\",\"https:\\\/\\\/www.instagram.com\\\/chokkino.livebetter\\\/\",\"https:\\\/\\\/www.youtube.com\\\/channel\\\/UCgfDP1NuokZB95pItqolRrg\",\"https:\\\/\\\/open.spotify.com\\\/show\\\/0qFUUFAKzd4Du7s5ReclC1\",\"https:\\\/\\\/podcasts.google.com\\\/feed\\\/aHR0cHM6Ly93d3cuc3ByZWFrZXIuY29tL3Nob3cvNTYyNTI5Ny9lcGlzb2Rlcy9mZWVk?sa=X&ved=2ahUKEwidzc2emOj6AhWvhP0HHdBrCzAQ9sEGegQIARAC\",\"https:\\\/\\\/podcasts.apple.com\\\/us\\\/podcast\\\/live-better\\\/id1643489685\"]}]}<\/script>\n<!-- \/ Yoast SEO plugin. -->","yoast_head_json":{"title":"Store Locator Chokkino: find the bar nearest you | Live Better","description":"Use the store locator to find the bar nearest you. So you can have a Chokkino and feel divine! Join the CacaoRevolution!","robots":{"index":"noindex","follow":"follow","max-snippet":"max-snippet:-1","max-image-preview":"max-image-preview:large","max-video-preview":"max-video-preview:-1"},"og_locale":"en_US","og_type":"article","og_title":"Store Locator Chokkino: trova il bar pi\u00f9 vicino a te | Live Better","og_description":"Usa lo store locator per trovare il bar pi\u00f9 vicino a te. Cos\u00ec puoi farti un Chokkino e sentirti divino! Join the CacaoRevolution!","og_url":"https:\/\/staging2.livebetter.eu\/en\/direct\/","og_site_name":"Live Better","article_publisher":"https:\/\/it-it.facebook.com\/chokkino.livebetter\/","article_modified_time":"2026-03-05T11:33:03+00:00","twitter_card":"summary_large_image","twitter_misc":{"Est. reading time":"1 minute"},"schema":{"@context":"https:\/\/schema.org","@graph":[{"@type":"WebPage","@id":"https:\/\/staging2.livebetter.eu\/dirette\/","url":"https:\/\/staging2.livebetter.eu\/dirette\/","name":"Store Locator Chokkino: find the bar nearest you | Live Better","isPartOf":{"@id":"https:\/\/staging2.livebetter.eu\/#website"},"datePublished":"2025-08-07T07:52:57+00:00","dateModified":"2026-03-05T11:33:03+00:00","description":"Use the store locator to find the bar nearest you. So you can have a Chokkino and feel divine! Join the CacaoRevolution!","breadcrumb":{"@id":"https:\/\/staging2.livebetter.eu\/dirette\/#breadcrumb"},"inLanguage":"en-US","potentialAction":[{"@type":"ReadAction","target":["https:\/\/staging2.livebetter.eu\/dirette\/"]}]},{"@type":"BreadcrumbList","@id":"https:\/\/staging2.livebetter.eu\/dirette\/#breadcrumb","itemListElement":[{"@type":"ListItem","position":1,"name":"Home","item":"https:\/\/staging2.livebetter.eu\/"},{"@type":"ListItem","position":2,"name":"Dirette"}]},{"@type":"WebSite","@id":"https:\/\/staging2.livebetter.eu\/#website","url":"https:\/\/staging2.livebetter.eu\/","name":"Live Better","description":"Be Aware Be Conscious Live Better","publisher":{"@id":"https:\/\/staging2.livebetter.eu\/#organization"},"potentialAction":[{"@type":"SearchAction","target":{"@type":"EntryPoint","urlTemplate":"https:\/\/staging2.livebetter.eu\/?s={search_term_string}"},"query-input":{"@type":"PropertyValueSpecification","valueRequired":true,"valueName":"search_term_string"}}],"inLanguage":"en-US"},{"@type":"Organization","@id":"https:\/\/staging2.livebetter.eu\/#organization","name":"Live Better","url":"https:\/\/staging2.livebetter.eu\/","logo":{"@type":"ImageObject","inLanguage":"en-US","@id":"https:\/\/staging2.livebetter.eu\/#\/schema\/logo\/image\/","url":"https:\/\/staging2.livebetter.eu\/wp-content\/uploads\/2024\/01\/Live-Better_BLK.png","contentUrl":"https:\/\/staging2.livebetter.eu\/wp-content\/uploads\/2024\/01\/Live-Better_BLK.png","width":640,"height":148,"caption":"Live Better"},"image":{"@id":"https:\/\/staging2.livebetter.eu\/#\/schema\/logo\/image\/"},"sameAs":["https:\/\/it-it.facebook.com\/chokkino.livebetter\/","https:\/\/www.instagram.com\/chokkino.livebetter\/","https:\/\/www.youtube.com\/channel\/UCgfDP1NuokZB95pItqolRrg","https:\/\/open.spotify.com\/show\/0qFUUFAKzd4Du7s5ReclC1","https:\/\/podcasts.google.com\/feed\/aHR0cHM6Ly93d3cuc3ByZWFrZXIuY29tL3Nob3cvNTYyNTI5Ny9lcGlzb2Rlcy9mZWVk?sa=X&ved=2ahUKEwidzc2emOj6AhWvhP0HHdBrCzAQ9sEGegQIARAC","https:\/\/podcasts.apple.com\/us\/podcast\/live-better\/id1643489685"]}]}},"_links":{"self":[{"href":"https:\/\/staging2.livebetter.eu\/en\/wp-json\/wp\/v2\/pages\/2249658","targetHints":{"allow":["GET"]}}],"collection":[{"href":"https:\/\/staging2.livebetter.eu\/en\/wp-json\/wp\/v2\/pages"}],"about":[{"href":"https:\/\/staging2.livebetter.eu\/en\/wp-json\/wp\/v2\/types\/page"}],"author":[{"embeddable":true,"href":"https:\/\/staging2.livebetter.eu\/en\/wp-json\/wp\/v2\/users\/2"}],"replies":[{"embeddable":true,"href":"https:\/\/staging2.livebetter.eu\/en\/wp-json\/wp\/v2\/comments?post=2249658"}],"version-history":[{"count":3,"href":"https:\/\/staging2.livebetter.eu\/en\/wp-json\/wp\/v2\/pages\/2249658\/revisions"}],"predecessor-version":[{"id":2361876,"href":"https:\/\/staging2.livebetter.eu\/en\/wp-json\/wp\/v2\/pages\/2249658\/revisions\/2361876"}],"wp:attachment":[{"href":"https:\/\/staging2.livebetter.eu\/en\/wp-json\/wp\/v2\/media?parent=2249658"}],"curies":[{"name":"wp","href":"https:\/\/api.w.org\/{rel}","templated":true}]}}